{"id":425,"date":"2024-12-22T10:58:14","date_gmt":"2024-12-22T10:58:14","guid":{"rendered":"https:\/\/fp-drawings.com\/produit\/porsche-gt3-poster\/"},"modified":"2025-03-15T14:23:46","modified_gmt":"2025-03-15T14:23:46","slug":"porsche-gt3-poster-1","status":"publish","type":"product","link":"https:\/\/fp-drawings.com\/fr\/porsche-gt3-poster-1\/","title":{"rendered":"Porsche GT3 rouge - Poster"},"content":{"rendered":"<h4>Porsche GT3<\/h4>\n<p>Mettez en valeur votre d\u00e9coration avec ce poster en papier mat.<\/p>\n<p>La Porsche 911 GT3 est le m\u00e9lange parfait de puissance et de pr\u00e9cision.<\/p>\n<p>Avec son design embl\u00e9matique et son ADN ax\u00e9 sur la piste, cette l\u00e9gende de l'automobile se distingue par son a\u00e9rodynamisme pointu et son moteur atmosph\u00e9rique rugissant. Ce poster capture l'essence de la GT3 dans une illustration d\u00e9taill\u00e9e et dynamique, parfaite pour les passionn\u00e9s de sport automobile et les amateurs de design exceptionnel.<\/p>\n<p>Ajoutez une touche de vitesse et d'\u00e9l\u00e9gance \u00e0 votre espace avec cette \u0153uvre d'art unique !<\/p>\n<p>Dessin num\u00e9rique r\u00e9alis\u00e9 avec Photoshop<br \/>\nToutes les cr\u00e9ations sont r\u00e9alis\u00e9es par mes soins<\/p>\n<p>Exp\u00e9dition dans le monde entier<\/p>\n<p>Description :<br \/>\n* Papier mat de qualit\u00e9 mus\u00e9e<br \/>\n* Technique d'impression \u00e0 jet d'encre \u00e0 base d'eau<br \/>\n* 30 \u00d7 40 cm affiches<br \/>\n* Epaisseur du papier : 0,26 mm (10,3 mil)<br \/>\n* Poids du papier : 170 g\/m\u00b2.<\/p>\n<p>Impression des articles une fois la commande pass\u00e9e, ce qui permet de r\u00e9duire les d\u00e9chets de produits.<\/p>\n<p>Ce produit est fabriqu\u00e9 sp\u00e9cialement pour vous d\u00e8s que vous passez commande, c'est pourquoi il nous faut un peu plus de temps pour vous le livrer. Le fait de fabriquer des produits \u00e0 la demande plut\u00f4t qu'en vrac permet de r\u00e9duire la surproduction. Nous vous remercions donc de prendre des d\u00e9cisions d'achat r\u00e9fl\u00e9chies !<\/p>\n<p>Restrictions d'\u00e2ge : Pour les adultes<br \/>\nGarantie UE : 2 ans<br \/>\nAutres informations sur la conformit\u00e9 : Conforme aux exigences relatives aux petites pi\u00e8ces et \u00e0 l'indice de flux magn\u00e9tique.<\/p>\n<p>En conformit\u00e9 avec le r\u00e8glement sur la s\u00e9curit\u00e9 g\u00e9n\u00e9rale des produits (GPSR), <b>Dessins FP<\/b> et <b>SINDEN VENTURES LIMITED<\/b> veiller \u00e0 ce que tous les produits de consommation propos\u00e9s soient s\u00fbrs et conformes aux normes de l'UE. Pour toute question ou pr\u00e9occupation relative \u00e0 la s\u00e9curit\u00e9 des produits, veuillez contacter notre repr\u00e9sentant de l'UE \u00e0 l'adresse suivante <b>gpsr@sindenventures.com<\/b>. Vous pouvez \u00e9galement nous \u00e9crire \u00e0 l'adresse suivante <b>60 rue Fran\u00e7ois 1er 75008 Paris<\/b> ou<b> Markou Evgenikou 11, Mesa Geitonia, 4002, Limassol, Chypre.<\/b><\/p>","protected":false},"excerpt":{"rendered":"<p>Porsche GT3 Bring out the best of your decoration with this matte paper poster The Porsche 911 GT3 is the perfect blend of power and precision. With its iconic design and track-focused DNA, this automotive legend stands out with its sharp aerodynamics and roaring naturally aspirated engine. This poster captures the essence of the GT3 [&hellip;]<\/p>\n","protected":false},"featured_media":426,"template":"","meta":[],"product_brand":[],"product_cat":[17,22,21],"product_tag":[62,53,54],"class_list":{"0":"post-425","1":"product","2":"type-product","3":"status-publish","4":"has-post-thumbnail","6":"product_cat-all","7":"product_cat-automobile","8":"product_cat-non-framed","9":"product_tag-porsche","10":"product_tag-porsche-gt3","11":"product_tag-supercar","13":"first","14":"instock","15":"shipping-taxable","16":"purchasable","17":"product-type-simple"},"_links":{"self":[{"href":"https:\/\/fp-drawings.com\/fr\/wp-json\/wp\/v2\/product\/425","targetHints":{"allow":["GET"]}}],"collection":[{"href":"https:\/\/fp-drawings.com\/fr\/wp-json\/wp\/v2\/product"}],"about":[{"href":"https:\/\/fp-drawings.com\/fr\/wp-json\/wp\/v2\/types\/product"}],"version-history":[{"count":6,"href":"https:\/\/fp-drawings.com\/fr\/wp-json\/wp\/v2\/product\/425\/revisions"}],"predecessor-version":[{"id":2430,"href":"https:\/\/fp-drawings.com\/fr\/wp-json\/wp\/v2\/product\/425\/revisions\/2430"}],"wp:featuredmedia":[{"embeddable":true,"href":"https:\/\/fp-drawings.com\/fr\/wp-json\/wp\/v2\/media\/426"}],"wp:attachment":[{"href":"https:\/\/fp-drawings.com\/fr\/wp-json\/wp\/v2\/media?parent=425"}],"wp:term":[{"taxonomy":"product_brand","embeddable":true,"href":"https:\/\/fp-drawings.com\/fr\/wp-json\/wp\/v2\/product_brand?post=425"},{"taxonomy":"product_cat","embeddable":true,"href":"https:\/\/fp-drawings.com\/fr\/wp-json\/wp\/v2\/product_cat?post=425"},{"taxonomy":"product_tag","embeddable":true,"href":"https:\/\/fp-drawings.com\/fr\/wp-json\/wp\/v2\/product_tag?post=425"}],"curies":[{"name":"wp","href":"https:\/\/api.w.org\/{rel}","templated":true}]}}