{"id":2432,"date":"2025-10-26T18:02:04","date_gmt":"2025-10-26T18:02:04","guid":{"rendered":"https:\/\/fp-drawings.com\/akaza-poster\/"},"modified":"2025-10-26T18:15:06","modified_gmt":"2025-10-26T18:15:06","slug":"affiche-akaza","status":"publish","type":"product","link":"https:\/\/fp-drawings.com\/fr\/affiche-akaza\/","title":{"rendered":"Akaza - Affiche"},"content":{"rendered":"<h4>Akaza<\/h4>\n<p>Mettez en valeur votre d\u00e9coration avec ce poster en papier mat.<\/p>\n<p>Le d\u00e9mon de la force inflexible.<\/p>\n<p>Charisme, puissance et trag\u00e9die s'entrechoquent dans ce portrait saisissant d'Akaza. Une pi\u00e8ce incontournable pour les fans de Demon Slayer, capturant l'\u00e9l\u00e9gance et la fureur de l'un des guerriers les plus inoubliables de la s\u00e9rie.<\/p>\n<p>Dessin num\u00e9rique r\u00e9alis\u00e9 avec Photoshop<br \/>\nToutes les cr\u00e9ations sont r\u00e9alis\u00e9es par mes soins<\/p>\n<p>Exp\u00e9dition dans le monde entier<\/p>\n<p>Description :<br \/>\n* Papier mat de qualit\u00e9 mus\u00e9e<br \/>\n* Technique d'impression \u00e0 jet d'encre \u00e0 base d'eau<br \/>\n* 30 \u00d7 40 cm affiches<br \/>\n* Epaisseur du papier : 0,26 mm (10,3 mil)<br \/>\n* Poids du papier : 170 g\/m\u00b2.<\/p>\n<p>Impression des articles une fois la commande pass\u00e9e, ce qui permet de r\u00e9duire les d\u00e9chets de produits.<\/p>\n<p>Ce produit est fabriqu\u00e9 sp\u00e9cialement pour vous d\u00e8s que vous passez commande, c'est pourquoi il nous faut un peu plus de temps pour vous le livrer. Le fait de fabriquer des produits \u00e0 la demande plut\u00f4t qu'en vrac permet de r\u00e9duire la surproduction. Nous vous remercions donc de prendre des d\u00e9cisions d'achat r\u00e9fl\u00e9chies !<\/p>\n<p>Restrictions d'\u00e2ge : Pour les adultes<br \/>\nGarantie UE : 2 ans<br \/>\nAutres informations sur la conformit\u00e9 : Conforme aux exigences relatives aux petites pi\u00e8ces et \u00e0 l'indice de flux magn\u00e9tique.<\/p>\n<p>En conformit\u00e9 avec le r\u00e8glement sur la s\u00e9curit\u00e9 g\u00e9n\u00e9rale des produits (GPSR), <b>Dessins FP<\/b> veille \u00e0 ce que tous les produits de consommation propos\u00e9s soient s\u00fbrs et conformes aux normes de l'UE. Pour toute question relative \u00e0 la s\u00e9curit\u00e9 des produits, veuillez nous contacter \u00e0 l'adresse suivante <b>florian.papaya@fp-drawings.com<\/b> ou nous \u00e9crire <b>60 rue Fran\u00e7ois 1er 75008 Paris.<\/b><\/p>","protected":false},"excerpt":{"rendered":"<p>Akaza Bring out the best of your decoration with this matte paper poster The Demon of Unyielding Strength. Charisma, power, and tragedy collide in this striking portrayal of Akaza. A must-have piece for Demon Slayer fans, capturing the elegance and fury of one of the series&#8217; most unforgettable warriors. Digital drawing made with Photoshop All [&hellip;]<\/p>\n","protected":false},"featured_media":2433,"template":"","meta":[],"product_brand":[],"product_cat":[17,24,21],"product_tag":[],"class_list":{"0":"post-2432","1":"product","2":"type-product","3":"status-publish","4":"has-post-thumbnail","6":"product_cat-all","7":"product_cat-anime","8":"product_cat-non-framed","10":"first","11":"instock","12":"shipping-taxable","13":"purchasable","14":"product-type-simple"},"_links":{"self":[{"href":"https:\/\/fp-drawings.com\/fr\/wp-json\/wp\/v2\/product\/2432","targetHints":{"allow":["GET"]}}],"collection":[{"href":"https:\/\/fp-drawings.com\/fr\/wp-json\/wp\/v2\/product"}],"about":[{"href":"https:\/\/fp-drawings.com\/fr\/wp-json\/wp\/v2\/types\/product"}],"version-history":[{"count":2,"href":"https:\/\/fp-drawings.com\/fr\/wp-json\/wp\/v2\/product\/2432\/revisions"}],"predecessor-version":[{"id":2438,"href":"https:\/\/fp-drawings.com\/fr\/wp-json\/wp\/v2\/product\/2432\/revisions\/2438"}],"wp:featuredmedia":[{"embeddable":true,"href":"https:\/\/fp-drawings.com\/fr\/wp-json\/wp\/v2\/media\/2433"}],"wp:attachment":[{"href":"https:\/\/fp-drawings.com\/fr\/wp-json\/wp\/v2\/media?parent=2432"}],"wp:term":[{"taxonomy":"product_brand","embeddable":true,"href":"https:\/\/fp-drawings.com\/fr\/wp-json\/wp\/v2\/product_brand?post=2432"},{"taxonomy":"product_cat","embeddable":true,"href":"https:\/\/fp-drawings.com\/fr\/wp-json\/wp\/v2\/product_cat?post=2432"},{"taxonomy":"product_tag","embeddable":true,"href":"https:\/\/fp-drawings.com\/fr\/wp-json\/wp\/v2\/product_tag?post=2432"}],"curies":[{"name":"wp","href":"https:\/\/api.w.org\/{rel}","templated":true}]}}