{"id":146,"date":"2024-11-27T18:56:58","date_gmt":"2024-11-27T18:56:58","guid":{"rendered":"https:\/\/fp-drawings.com\/produit\/zenitsu-poster\/"},"modified":"2025-01-09T21:23:04","modified_gmt":"2025-01-09T21:23:04","slug":"zenitsu-poster-1","status":"publish","type":"product","link":"https:\/\/fp-drawings.com\/fr\/zenitsu-poster-1\/","title":{"rendered":"Zenitsu - Affiche"},"content":{"rendered":"<h4>Zenitsu<\/h4>\n<p>Mettez en valeur votre d\u00e9coration avec ce poster en papier mat.<\/p>\n<p>Dessin num\u00e9rique r\u00e9alis\u00e9 avec Photoshop<br \/>\nToutes les cr\u00e9ations sont r\u00e9alis\u00e9es par mes soins<\/p>\n<p>Exp\u00e9dition dans le monde entier<\/p>\n<p>Description :<br \/>\n* Papier mat de qualit\u00e9 mus\u00e9e<br \/>\n* Technique d'impression \u00e0 jet d'encre \u00e0 base d'eau<br \/>\n* 30 \u00d7 40 cm affiches<br \/>\n* Epaisseur du papier : 0,26 mm (10,3 mil)<br \/>\n* Poids du papier : 170 g\/m\u00b2.<\/p>\n<p>L'impression de l'article et le cadre sont assembl\u00e9s une fois la commande pass\u00e9e, ce qui permet de r\u00e9duire les d\u00e9chets de produits.<\/p>\n<p>Ce produit est fabriqu\u00e9 sp\u00e9cialement pour vous d\u00e8s que vous passez commande, c'est pourquoi il nous faut un peu plus de temps pour vous le livrer. Le fait de fabriquer des produits \u00e0 la demande plut\u00f4t qu'en vrac permet de r\u00e9duire la surproduction. Nous vous remercions donc de prendre des d\u00e9cisions d'achat r\u00e9fl\u00e9chies !<\/p>\n<p>Restrictions d'\u00e2ge : Pour les adultes<br \/>\nGarantie UE : 2 ans<\/p>\n<p>En conformit\u00e9 avec le r\u00e8glement sur la s\u00e9curit\u00e9 g\u00e9n\u00e9rale des produits (GPSR), <b>Dessins FP<\/b> et <b>SINDEN VENTURES LIMITED<\/b> veiller \u00e0 ce que tous les produits de consommation propos\u00e9s soient s\u00fbrs et conformes aux normes de l'UE. Pour toute question ou pr\u00e9occupation relative \u00e0 la s\u00e9curit\u00e9 des produits, veuillez contacter notre repr\u00e9sentant de l'UE \u00e0 l'adresse suivante <b>gpsr@sindenventures.com<\/b>. Vous pouvez \u00e9galement nous \u00e9crire \u00e0 l'adresse suivante <b>60 rue Fran\u00e7ois 1er 75008 Paris<\/b> ou<b> Markou Evgenikou 11, Mesa Geitonia, 4002, Limassol, Chypre.<\/b><\/p>","protected":false},"excerpt":{"rendered":"<p>Zenitsu Bring out the best of your decoration with this matte paper poster Digital drawing made with Photoshop All creations are made by me Worldwide shipping Description : * Museum-quality matte paper * Water-based inkjet printing technique * 30 \u00d7 40 cm posters * Paper thickness : 0.26 mm (10.3 mil) * Paper weight : [&hellip;]<\/p>\n","protected":false},"featured_media":147,"template":"","meta":[],"product_brand":[],"product_cat":[17,24,21],"product_tag":[33,32],"class_list":{"0":"post-146","1":"product","2":"type-product","3":"status-publish","4":"has-post-thumbnail","6":"product_cat-all","7":"product_cat-anime","8":"product_cat-non-framed","9":"product_tag-demon-slayer","10":"product_tag-zenitsu","12":"first","13":"instock","14":"shipping-taxable","15":"purchasable","16":"product-type-simple"},"_links":{"self":[{"href":"https:\/\/fp-drawings.com\/fr\/wp-json\/wp\/v2\/product\/146","targetHints":{"allow":["GET"]}}],"collection":[{"href":"https:\/\/fp-drawings.com\/fr\/wp-json\/wp\/v2\/product"}],"about":[{"href":"https:\/\/fp-drawings.com\/fr\/wp-json\/wp\/v2\/types\/product"}],"version-history":[{"count":8,"href":"https:\/\/fp-drawings.com\/fr\/wp-json\/wp\/v2\/product\/146\/revisions"}],"predecessor-version":[{"id":687,"href":"https:\/\/fp-drawings.com\/fr\/wp-json\/wp\/v2\/product\/146\/revisions\/687"}],"wp:featuredmedia":[{"embeddable":true,"href":"https:\/\/fp-drawings.com\/fr\/wp-json\/wp\/v2\/media\/147"}],"wp:attachment":[{"href":"https:\/\/fp-drawings.com\/fr\/wp-json\/wp\/v2\/media?parent=146"}],"wp:term":[{"taxonomy":"product_brand","embeddable":true,"href":"https:\/\/fp-drawings.com\/fr\/wp-json\/wp\/v2\/product_brand?post=146"},{"taxonomy":"product_cat","embeddable":true,"href":"https:\/\/fp-drawings.com\/fr\/wp-json\/wp\/v2\/product_cat?post=146"},{"taxonomy":"product_tag","embeddable":true,"href":"https:\/\/fp-drawings.com\/fr\/wp-json\/wp\/v2\/product_tag?post=146"}],"curies":[{"name":"wp","href":"https:\/\/api.w.org\/{rel}","templated":true}]}}